{"id":1043,"date":"2022-03-08T13:02:30","date_gmt":"2022-03-08T12:02:30","guid":{"rendered":"https:\/\/ch-q.ch\/la-gestion-des-competences-ch-q-2\/"},"modified":"2024-09-09T15:46:17","modified_gmt":"2024-09-09T13:46:17","slug":"la-gestion-des-competences-ch-q-2","status":"publish","type":"page","link":"https:\/\/ch-q.ch\/fr\/","title":{"rendered":"La gestion des comp\u00e9tences CH-Q"},"content":{"rendered":"<section class=\"l-section wpb_row ob-title-img height_custom\"><div class=\"l-section-h i-cf\"><div class=\"g-cols vc_row via_flex valign_top type_default stacking_default\"><div class=\"vc_col-sm-12 wpb_column vc_column_container has_bg_color\"><div class=\"vc_column-inner us_custom_339e2136\"><div class=\"wpb_wrapper\"><h1 class=\"w-text us_custom_7927894c has_text_color us_animate_this\"><span class=\"w-text-h\"><span class=\"w-text-value\">\u00ab Chaque personne a le potentiel pour se d\u00e9velopper. \u00bb<\/span><\/span><\/h1><\/div><\/div><\/div><\/div><\/div><\/section><section class=\"l-section wpb_row height_auto\"><div class=\"l-section-h i-cf\"><div class=\"g-cols vc_row via_flex valign_top type_default stacking_default\"><div class=\"vc_col-sm-12 wpb_column vc_column_container\"><div class=\"vc_column-inner\"><div class=\"wpb_wrapper\"><div class=\"g-cols wpb_row via_flex valign_top type_default stacking_default\"><div class=\"vc_col-sm-12 wpb_column vc_column_container\"><div class=\"vc_column-inner\"><div class=\"wpb_wrapper\"><h2 class=\"w-text us_custom_1f257949\"><span class=\"w-text-h\"><span class=\"w-text-value\">Une culture de la comp\u00e9tence au service des personnes<\/span><\/span><\/h2><\/div><\/div><\/div><\/div><div class=\"w-separator size_custom\" style=\"height:30px\"><\/div><div class=\"wpb_text_column us_custom_38e07046\"><div class=\"wpb_wrapper\"><p class=\"p1\">La gestion des comp\u00e9tences CH-Q aide les personnes \u00e0 g\u00e9rer leurs comp\u00e9tences. L&rsquo;accent est mis sur les ressources des personnes dans le domaine de la formation et du travail et sur leur d\u00e9veloppement dans le sens de l&rsquo;apprentissage tout au long de la vie.<\/p>\n<\/div><\/div><\/div><\/div><\/div><\/div><\/div><\/section><section class=\"l-section wpb_row height_custom\"><div class=\"l-section-h i-cf\"><div class=\"g-cols vc_row via_flex valign_top type_default stacking_default\"><div class=\"vc_col-sm-12 wpb_column vc_column_container\"><div class=\"vc_column-inner\"><div class=\"wpb_wrapper\"><div class=\"g-cols wpb_row via_flex valign_top type_default stacking_default\"><div class=\"vc_col-sm-4 wpb_column vc_column_container\"><div class=\"vc_column-inner\"><div class=\"wpb_wrapper\"><div class=\"wpb_text_column\"><div class=\"wpb_wrapper\"><h3>Pour les personnes<\/h3>\n<\/div><\/div><div class=\"w-separator size_custom\" style=\"height:20px\"><\/div><div id=\"modal-trg-txt-wrap-8565\" class=\"ult-modal-input-wrapper ult-adjust-bottom-margin ob-layer-image   \" data-keypress-control=\"keypress-control-enable\" data-overlay-control=\"overlay-control-enable\"><img decoding=\"async\" tabindex=\"0\" src=\"https:\/\/ch-q.ch\/wp-content\/uploads\/2024\/09\/CH_Q_Daro_Elisa_FR-cover.jpg\" alt=\"null\" data-class-id=\"content-69fb17961e5d02-42321068\" class=\"ult-modal-img overlay-show ult-align-center ult-modal-image-\" data-overlay-class=\"overlay-fade\"\/><\/div>\n<div class=\"ult-overlay content-69fb17961e5d02-42321068 \" data-class=\"content-69fb17961e5d02-42321068\" id=\"button-click-overlay\" style=\"background:rgba(51,51,51,0.9); display:none;\">\n\t<div class=\"ult_modal ult-fade ult-medium\">\n\t\t<div id=\"ult-modal-wrap-4524\" class=\"ult_modal-content ult-hide\" style=\"border-style:solid;border-width:2px;border-radius:0px;border-color:#333333;\">\n\t\t\t<div  data-ultimate-target='#ult-modal-wrap-4524 .ult_modal-body'  data-responsive-json-new='{\"font-size\":\"\",\"line-height\":\"\"}'  class=\"ult_modal-body ult-responsive ult-video-shortcode\" style=\"\">\n\t\t\t\n<div style=\"width: 1300px;\" class=\"wp-video\"><video class=\"wp-video-shortcode\" id=\"video-1043-1\" width=\"1300\" height=\"731\" preload=\"metadata\" controls=\"controls\"><source type=\"video\/mp4\" src=\"\/wp-content\/uploads\/2024\/09\/CH_Q_Daro_Elisa_FR.mp4?_=1\" \/><a href=\"\/wp-content\/uploads\/2024\/09\/CH_Q_Daro_Elisa_FR.mp4\">\/wp-content\/uploads\/2024\/09\/CH_Q_Daro_Elisa_FR.mp4<\/a><\/video><\/div>\n\n\t\t\t<\/div>\n\t<\/div>\n\t<\/div>\n\t<div class=\"ult-overlay-close top-right\" style=\"width:80px;height:80px; \"><div class=\"ult-overlay-close-inside\">Close<\/div><\/div>\n<\/div><div class=\"wpb_text_column\"><div class=\"wpb_wrapper\"><p>Le CH-Q Autogestion des comp\u00e9tences aide les personnes \u00e0 saisir et \u00e0 documenter leurs comp\u00e9tences pour leur carri\u00e8re professionnelle. La confrontation avec ses propres comp\u00e9tences permet de d\u00e9velopper des perspectives et des objectifs personnels.<\/p>\n<\/div><\/div><\/div><\/div><\/div><div class=\"vc_col-sm-4 wpb_column vc_column_container\"><div class=\"vc_column-inner\"><div class=\"wpb_wrapper\"><div class=\"wpb_text_column\"><div class=\"wpb_wrapper\"><h3>Pour les coachs<\/h3>\n<\/div><\/div><div class=\"w-separator size_custom\" style=\"height:20px\"><\/div><div id=\"modal-trg-txt-wrap-2629\" class=\"ult-modal-input-wrapper ult-adjust-bottom-margin ob-layer-image   \" data-keypress-control=\"keypress-control-enable\" data-overlay-control=\"overlay-control-enable\"><img decoding=\"async\" tabindex=\"0\" src=\"https:\/\/ch-q.ch\/wp-content\/uploads\/2024\/09\/CH_Q_Kat_Winter_FR-cover.jpg\" alt=\"null\" data-class-id=\"content-69fb17961eec08-45309182\" class=\"ult-modal-img overlay-show ult-align-center ult-modal-image-\" data-overlay-class=\"overlay-fade\"\/><\/div>\n<div class=\"ult-overlay content-69fb17961eec08-45309182 \" data-class=\"content-69fb17961eec08-45309182\" id=\"button-click-overlay\" style=\"background:rgba(51,51,51,0.9); display:none;\">\n\t<div class=\"ult_modal ult-fade ult-medium\">\n\t\t<div id=\"ult-modal-wrap-7244\" class=\"ult_modal-content ult-hide\" style=\"border-style:solid;border-width:2px;border-radius:0px;border-color:#333333;\">\n\t\t\t<div  data-ultimate-target='#ult-modal-wrap-7244 .ult_modal-body'  data-responsive-json-new='{\"font-size\":\"\",\"line-height\":\"\"}'  class=\"ult_modal-body ult-responsive ult-video-shortcode\" style=\"\">\n\t\t\t\n<div style=\"width: 1300px;\" class=\"wp-video\"><video class=\"wp-video-shortcode\" id=\"video-1043-2\" width=\"1300\" height=\"731\" preload=\"metadata\" controls=\"controls\"><source type=\"video\/mp4\" src=\"https:\/\/ch-q.ch\/wp-content\/uploads\/2024\/09\/CH_Q_Winter_Kat_FR.mp4?_=2\" \/><a href=\"https:\/\/ch-q.ch\/wp-content\/uploads\/2024\/09\/CH_Q_Winter_Kat_FR.mp4\">https:\/\/ch-q.ch\/wp-content\/uploads\/2024\/09\/CH_Q_Winter_Kat_FR.mp4<\/a><\/video><\/div>\n\n\t\t\t<\/div>\n\t<\/div>\n\t<\/div>\n\t<div class=\"ult-overlay-close top-right\" style=\"width:80px;height:80px; \"><div class=\"ult-overlay-close-inside\">Close<\/div><\/div>\n<\/div><div class=\"wpb_text_column\"><div class=\"wpb_wrapper\"><p>Pour les professionnels, la gestion des comp\u00e9tences CH-Q offre un outil m\u00e9thodologique et didactique pour l&rsquo;accompagnement de l&rsquo;apprentissage et du processus des personnes dans la gestion de leurs comp\u00e9tences au niveau 2 du certificat CH-Q.<\/p>\n<\/div><\/div><\/div><\/div><\/div><div class=\"vc_col-sm-4 wpb_column vc_column_container\"><div class=\"vc_column-inner\"><div class=\"wpb_wrapper\"><div class=\"wpb_text_column\"><div class=\"wpb_wrapper\"><h3>Pour les institutions<\/h3>\n<\/div><\/div><div class=\"w-separator size_custom\" style=\"height:20px\"><\/div><div id=\"modal-trg-txt-wrap-4591\" class=\"ult-modal-input-wrapper ult-adjust-bottom-margin ob-layer-image   \" data-keypress-control=\"keypress-control-enable\" data-overlay-control=\"overlay-control-enable\"><img decoding=\"async\" tabindex=\"0\" src=\"https:\/\/ch-q.ch\/wp-content\/uploads\/2024\/09\/CH_Q_Bauer_Mike_FR.jpg\" alt=\"null\" data-class-id=\"content-69fb17961f6309-85669713\" class=\"ult-modal-img overlay-show ult-align-center ult-modal-image-\" data-overlay-class=\"overlay-fade\"\/><\/div>\n<div class=\"ult-overlay content-69fb17961f6309-85669713 \" data-class=\"content-69fb17961f6309-85669713\" id=\"button-click-overlay\" style=\"background:rgba(51,51,51,0.9); display:none;\">\n\t<div class=\"ult_modal ult-fade ult-medium\">\n\t\t<div id=\"ult-modal-wrap-3318\" class=\"ult_modal-content ult-hide\" style=\"border-style:solid;border-width:2px;border-radius:0px;border-color:#333333;\">\n\t\t\t<div  data-ultimate-target='#ult-modal-wrap-3318 .ult_modal-body'  data-responsive-json-new='{\"font-size\":\"\",\"line-height\":\"\"}'  class=\"ult_modal-body ult-responsive ult-video-shortcode\" style=\"\">\n\t\t\t\n<div style=\"width: 1300px;\" class=\"wp-video\"><video class=\"wp-video-shortcode\" id=\"video-1043-3\" width=\"1300\" height=\"731\" preload=\"metadata\" controls=\"controls\"><source type=\"video\/mp4\" src=\"https:\/\/ch-q.ch\/wp-content\/uploads\/2024\/09\/CH_Q_Bauer_Mike_FR.mp4?_=3\" \/><a href=\"https:\/\/ch-q.ch\/wp-content\/uploads\/2024\/09\/CH_Q_Bauer_Mike_FR.mp4\">https:\/\/ch-q.ch\/wp-content\/uploads\/2024\/09\/CH_Q_Bauer_Mike_FR.mp4<\/a><\/video><\/div>\n\n\t\t\t<\/div>\n\t<\/div>\n\t<\/div>\n\t<div class=\"ult-overlay-close top-right\" style=\"width:80px;height:80px; \"><div class=\"ult-overlay-close-inside\">Close<\/div><\/div>\n<\/div><div class=\"wpb_text_column\"><div class=\"wpb_wrapper\"><p>La gestion des comp\u00e9tences CH-Q pour les employeurs et les institutions est utilis\u00e9e dans le cadre du d\u00e9veloppement du personnel et de l&rsquo;organisation et permet de mettre en place de mani\u00e8re cibl\u00e9e une culture de comp\u00e9tence entrepreneuriale.<\/p>\n<\/div><\/div><\/div><\/div><\/div><\/div><\/div><\/div><\/div><\/div><\/div><\/section>\n","protected":false},"excerpt":{"rendered":"\u00ab Chaque personne a le potentiel pour se d\u00e9velopper. \u00bbUne culture de la comp\u00e9tence au service des personnesLa gestion des comp\u00e9tences CH-Q aide les personnes \u00e0 g\u00e9rer leurs comp\u00e9tences. L&rsquo;accent est mis sur les ressources des personnes dans le domaine de la formation et du travail et sur leur d\u00e9veloppement dans le sens de l&rsquo;apprentissage...","protected":false},"author":1,"featured_media":0,"parent":0,"menu_order":0,"comment_status":"closed","ping_status":"closed","template":"","meta":{"footnotes":""},"class_list":["post-1043","page","type-page","status-publish","hentry"],"_links":{"self":[{"href":"https:\/\/ch-q.ch\/fr\/wp-json\/wp\/v2\/pages\/1043","targetHints":{"allow":["GET"]}}],"collection":[{"href":"https:\/\/ch-q.ch\/fr\/wp-json\/wp\/v2\/pages"}],"about":[{"href":"https:\/\/ch-q.ch\/fr\/wp-json\/wp\/v2\/types\/page"}],"author":[{"embeddable":true,"href":"https:\/\/ch-q.ch\/fr\/wp-json\/wp\/v2\/users\/1"}],"replies":[{"embeddable":true,"href":"https:\/\/ch-q.ch\/fr\/wp-json\/wp\/v2\/comments?post=1043"}],"version-history":[{"count":7,"href":"https:\/\/ch-q.ch\/fr\/wp-json\/wp\/v2\/pages\/1043\/revisions"}],"predecessor-version":[{"id":1141,"href":"https:\/\/ch-q.ch\/fr\/wp-json\/wp\/v2\/pages\/1043\/revisions\/1141"}],"wp:attachment":[{"href":"https:\/\/ch-q.ch\/fr\/wp-json\/wp\/v2\/media?parent=1043"}],"curies":[{"name":"wp","href":"https:\/\/api.w.org\/{rel}","templated":true}]}}